{"id":17,"date":"2021-03-23T05:54:29","date_gmt":"2021-03-23T05:54:29","guid":{"rendered":"https:\/\/proenlace.com.mx\/index.php\/contact\/"},"modified":"2026-03-03T03:56:46","modified_gmt":"2026-03-03T03:56:46","slug":"contacto","status":"publish","type":"page","link":"https:\/\/ltlobos.com\/index.php\/contacto\/","title":{"rendered":"Contacto"},"content":{"rendered":"<!--themify_builder_content-->\n<div id=\"themify_builder_content-17\" data-postid=\"17\" class=\"themify_builder_content themify_builder_content-17 themify_builder tf_clear\">\n                    <div  data-lazy=\"1\" class=\"module_row themify_builder_row tb_5ksy98 tb_first tf_w\">\n                        <div class=\"row_inner col_align_middle tb_col_count_2 tf_box tf_rel\">\n                        <div  data-lazy=\"1\" class=\"module_column tb-column col3-2 tb_079m100 first\">\n                    <!-- module text -->\n<div  class=\"module module-text tb_wlqi274   \" data-lazy=\"1\">\n        <div  class=\"tb_text_wrap\">\n        <h3>Lo que nuestro Clientes dicen<\/h3>\n<p>En Lobos Log\u00edstica brindamos soluciones de transporte seguras, eficientes y con monitoreo en tiempo real. Nuestros clientes conf\u00edan en nuestra puntualidad, tecnolog\u00eda y compromiso en cada env\u00edo.<\/p>    <\/div>\n<\/div>\n<!-- \/module text -->        <\/div>\n                    <div  data-lazy=\"1\" class=\"module_column tb-column col3-1 tb_rceg418 last\">\n                            <div  data-lazy=\"1\" class=\"module_subrow themify_builder_sub_row tf_w col_align_top tb_col_count_1 tb_5y70819\">\n                <div  data-lazy=\"1\" class=\"module_column sub_column col-full tb_g22z821 first\">\n                    <!-- module divider -->\n<div  class=\"module tf_mw module-divider tb_vqr2686 solid  divider-custom divider-left\" style=\"border-width: 5px;border-color: #ffffff;margin-bottom: 15px;max-width: 80px;\" data-lazy=\"1\">\n    <\/div>\n<!-- \/module divider -->\n<!-- module text -->\n<div  class=\"module module-text tb_shek491   \" data-lazy=\"1\">\n        <div  class=\"tb_text_wrap\">\n        <h3>Horario de Operaciones<\/h3>    <\/div>\n<\/div>\n<!-- \/module text --><!-- module text -->\n<div  class=\"module module-text tb_6eim665   \" data-lazy=\"1\">\n        <div  class=\"tb_text_wrap\">\n        <p>Lun &#8211; Vier\u00a0 \u00a0 \u00a0 \u00a0 \u00a0 \u00a0 \u00a0 9:00 &#8211; 20:00<\/p>\n<p>Sabado\u00a0 \u00a0 \u00a0 \u00a0 \u00a0 \u00a0 \u00a0 \u00a0 \u00a0 9:00 &#8211; 17:00<\/p>\n<p>Domingo\u00a0 \u00a0 \u00a0 \u00a0 \u00a0 \u00a0 \u00a0 \u00a09:00 &#8211; 18:00<\/p>\n<p><strong style=\"font-size: 1em;\" data-start=\"1188\" data-end=\"1253\">Operamos 24\/7 para garantizar la continuidad de tu log\u00edstica.<\/strong><\/p>    <\/div>\n<\/div>\n<!-- \/module text -->        <\/div>\n                    <\/div>\n                <\/div>\n                        <\/div>\n        <\/div>\n                        <div  data-css_id=\"8d1k858\" data-lazy=\"1\" class=\"module_row themify_builder_row fullwidth tb_8d1k858 tf_w\">\n                        <div class=\"row_inner col_align_bottom gutter-none tb_col_count_2 tf_box tf_rel\">\n                        <div  data-lazy=\"1\" class=\"module_column tb-column col3-1 tb_lyzp859 first\">\n                            <div  data-lazy=\"1\" class=\"module_subrow themify_builder_sub_row tf_w col_align_top tb_col_count_1 tb_0vou713\">\n                <div  data-lazy=\"1\" class=\"module_column sub_column col-full tb_1m4q714 first\">\n                            <\/div>\n                    <\/div>\n                <div  data-lazy=\"1\" class=\"module_subrow themify_builder_sub_row tf_w col_align_top tb_col_count_1 tb_g8hn605\">\n                <div  data-lazy=\"1\" class=\"module_column sub_column col-full tb_hs54606 first\">\n                    <!-- module image -->\n<div  class=\"module module-image tb_v3vm545 image-top rounded  tf_mw\" data-lazy=\"1\">\n        <div class=\"image-wrap tf_rel tf_mw\">\n            <img loading=\"lazy\" decoding=\"async\" src=\"https:\/\/ltlobos.com\/wp-content\/uploads\/2026\/03\/Captura-473x367.png\" width=\"473\" height=\"367\" class=\"wp-post-image wp-image-400\" title=\"Captura\" alt=\"Captura\">    \n        <\/div>\n    <!-- \/image-wrap -->\n    \n        <\/div>\n<!-- \/module image -->        <\/div>\n                    <\/div>\n                <\/div>\n                    <div  data-lazy=\"1\" class=\"module_column tb-column col3-2 tb_rkw1984 last\">\n                            <div  data-lazy=\"1\" class=\"module_subrow themify_builder_sub_row tf_w col_align_bottom tb_col_count_2 tb_zew3301\">\n                <div  data-lazy=\"1\" class=\"module_column sub_column col4-1 tb_3asg303 first\">\n                            <\/div>\n                    <div  data-lazy=\"1\" class=\"module_column sub_column col4-3 tb_2m9t303 last\">\n                    <!-- module text -->\n<div  class=\"module module-text tb_fkzz69   \" data-lazy=\"1\">\n        <div  class=\"tb_text_wrap\">\n        <h3>SOLICITA COTIZACI\u00d3N<\/h3>    <\/div>\n<\/div>\n<!-- \/module text --><!-- module feature -->\n<div  class=\"module module-feature tb_1uvr219 no-chart layout-icon-left size-custom \" data-layout-mobile=\"icon-top\" data-layout-desktop=\"icon-left\" data-lazy=\"1\">\n        <div class=\"module-feature-image tf_textc tf_rel\">\n                            <span class=\"module-feature-chart-html5 tf_box tf_rel tf_inline_b\" style=\"width:70px;height:70px;background-color:#ff593b\">\n                                <span class=\"chart-html5-circle tf_w tf_h\">\n                                            <em class=\"module-feature-icon tf_rel\" style=\"color:#ffffff\"><svg  class=\"tf_fa tf-ti-comments\" aria-hidden=\"true\"><use href=\"#tf-ti-comments\"><\/use><\/svg><\/em>\n                                    <\/span>\n\n                \n            <\/span>\n                <\/div>\n    <div class=\"module-feature-content tf_textc\">\n                    <h3 class=\"module-feature-title\">\n                            Email                         <\/h3>\n                    <div class=\"tb_text_wrap\">\n            <p>ventas@ltlobos.com<\/p>        <\/div>\n    <\/div>\n<\/div>\n<!-- \/module feature -->\n<!-- module feature -->\n<div  class=\"module module-feature tb_10wn749 no-chart layout-icon-left size-custom \" data-layout-mobile=\"icon-top\" data-layout-desktop=\"icon-left\" data-lazy=\"1\">\n        <div class=\"module-feature-image tf_textc tf_rel\">\n                            <span class=\"module-feature-chart-html5 tf_box tf_rel tf_inline_b\" style=\"width:70px;height:70px;background-color:#ff593b\">\n                                <span class=\"chart-html5-circle tf_w tf_h\">\n                                            <em class=\"module-feature-icon tf_rel\" style=\"color:#ffffff\"><svg  class=\"tf_fa tf-ti-headphone-alt\" aria-hidden=\"true\"><use href=\"#tf-ti-headphone-alt\"><\/use><\/svg><\/em>\n                                    <\/span>\n\n                \n            <\/span>\n                <\/div>\n    <div class=\"module-feature-content tf_textc\">\n                    <h3 class=\"module-feature-title\">\n                            CELULAR                        <\/h3>\n                    <div class=\"tb_text_wrap\">\n            <p>(52) 81-16-04-08-03<\/p>        <\/div>\n    <\/div>\n<\/div>\n<!-- \/module feature -->\n<!-- module feature -->\n<div  class=\"module module-feature tb_xpni709 no-chart layout-icon-left size-custom \" data-layout-mobile=\"icon-top\" data-layout-desktop=\"icon-left\" data-lazy=\"1\">\n        <div class=\"module-feature-image tf_textc tf_rel\">\n                            <span class=\"module-feature-chart-html5 tf_box tf_rel tf_inline_b\" style=\"width:70px;height:70px;background-color:#ff593b\">\n                                <span class=\"chart-html5-circle tf_w tf_h\">\n                                            <em class=\"module-feature-icon tf_rel\" style=\"color:#ffffff\"><svg  class=\"tf_fa tf-ti-direction-alt\" aria-hidden=\"true\"><use href=\"#tf-ti-direction-alt\"><\/use><\/svg><\/em>\n                                    <\/span>\n\n                \n            <\/span>\n                <\/div>\n    <div class=\"module-feature-content tf_textc\">\n                    <h3 class=\"module-feature-title\">\n                            UBICACI\u00d3N                        <\/h3>\n                    <div class=\"tb_text_wrap\">\n            <p>Apodaca Nuevo Le\u00f3n\u00a0<\/p>        <\/div>\n    <\/div>\n<\/div>\n<!-- \/module feature -->\n        <\/div>\n                    <\/div>\n                <\/div>\n                        <\/div>\n        <\/div>\n                        <div  data-css_id=\"h6d5535\" data-lazy=\"1\" class=\"module_row themify_builder_row fullwidth tb_h6d5535 tf_w\">\n                        <div class=\"row_inner col_align_top tb_col_count_1 tf_box tf_rel\">\n                        <div  data-lazy=\"1\" class=\"module_column tb-column col-full tb_o0t4537 first\">\n                    <!-- module template_part -->\n<div  class=\"module module-layout-part tb_puwj958 \">\n    <div class=\"tb_layout_part_wrap tf_w\"><!--themify_builder_content-->\n    <div  class=\"themify_builder_content themify_builder_content-9 themify_builder not_editable_builder in_the_loop\" data-postid=\"9\">\n                        <div  data-css_id=\"3y4w167\" data-lazy=\"1\" class=\"module_row themify_builder_row fullwidth tb_3y4w167 tf_w\">\n                        <div class=\"row_inner col_align_middle gutter-none tb_col_count_2 tf_box tf_rel\">\n                        <div  data-lazy=\"1\" class=\"module_column tb-column col4-2 tb_ligr167 first\">\n        <span  class=\"builder_row_cover tf_abs\" data-lazy=\"1\"><\/span>                    <div  data-lazy=\"1\" class=\"module_subrow themify_builder_sub_row tf_w col_align_top tb_col_count_1 tb_2btr168\">\n                <div  data-lazy=\"1\" class=\"module_column sub_column col-full tb_x943169 first\">\n                    <!-- module text -->\n<div  class=\"module module-text tb_lk25727   \" data-lazy=\"1\">\n        <div  class=\"tb_text_wrap\">\n        <h2>\u00a0<\/h2>\n<h3>\u00a0<\/h3>    <\/div>\n<\/div>\n<!-- \/module text --><!-- module optin -->\n<div  id=\"tb_26d0170\" class=\"module module-optin tb_26d0170  tb_optin_horizontal\" data-lazy=\"1\">\n                            <\/div><!-- \/module optin -->\n\n        <\/div>\n                    <\/div>\n                <\/div>\n                    <div  data-lazy=\"1\" class=\"module_column tb-column col4-2 tb_t972170 last\">\n        <span  class=\"builder_row_cover tf_abs\" data-lazy=\"1\"><\/span>                    <div  data-lazy=\"1\" class=\"module_subrow themify_builder_sub_row tf_w col_align_top tb_col_count_1 tb_sdf1171\">\n                <div  data-lazy=\"1\" class=\"module_column sub_column col-full tb_6xnk171 first\">\n                    <!-- module image -->\n<div  class=\"module module-image tb_pstt171 image-left   tf_mw\" data-lazy=\"1\">\n        <div class=\"image-wrap tf_rel tf_mw\">\n            <img loading=\"lazy\" decoding=\"async\" width=\"65\" height=\"61\" src=\"https:\/\/ltlobos.com\/wp-content\/uploads\/2026\/01\/icon-emergency.png\" class=\"wp-post-image wp-image-49\" title=\"Soporte 24 Horas\" alt=\"+52 8116040803\">    \n        <\/div>\n    <!-- \/image-wrap -->\n    \n        <div class=\"image-content\">\n                    <h3 class=\"image-title\">\n                                    Soporte 24 Horas                            <\/h3>\n                        <div class=\"image-caption tb_text_wrap\">\n            +52 8116040803        <\/div>\n        <!-- \/image-caption -->\n            <\/div>\n    <!-- \/image-content -->\n        <\/div>\n<!-- \/module image -->        <\/div>\n                    <\/div>\n                <\/div>\n                        <\/div>\n        <\/div>\n            <\/div>\n<!--\/themify_builder_content--><\/div>\n<\/div>\n<!-- \/module template_part -->        <\/div>\n                        <\/div>\n        <\/div>\n        <\/div>\n<!--\/themify_builder_content-->","protected":false},"excerpt":{"rendered":"<p>Lo que nuestro Clientes dicen En Lobos Log\u00edstica brindamos soluciones de transporte seguras, eficientes y con monitoreo en tiempo real. Nuestros clientes conf\u00edan en nuestra puntualidad, tecnolog\u00eda y compromiso en cada env\u00edo.<\/p>\n","protected":false},"author":1,"featured_media":0,"parent":0,"menu_order":0,"comment_status":"closed","ping_status":"closed","template":"","meta":{"footnotes":""},"class_list":["post-17","page","type-page","status-publish","hentry","has-post-title","has-post-date","has-post-category","has-post-tag","has-post-comment","has-post-author",""],"yoast_head":"<!-- This site is optimized with the Yoast SEO plugin v27.0 - https:\/\/yoast.com\/product\/yoast-seo-wordpress\/ -->\n<title>Contacto - ltlobos<\/title>\n<meta name=\"robots\" content=\"index, follow, max-snippet:-1, max-image-preview:large, max-video-preview:-1\" \/>\n<link rel=\"canonical\" href=\"https:\/\/ltlobos.com\/index.php\/contacto\/\" \/>\n<meta property=\"og:locale\" content=\"es_MX\" \/>\n<meta property=\"og:type\" content=\"article\" \/>\n<meta property=\"og:title\" content=\"Contacto - ltlobos\" \/>\n<meta property=\"og:description\" content=\"Lo que nuestro Clientes dicen En Lobos Log\u00edstica brindamos soluciones de transporte seguras, eficientes y con monitoreo en tiempo real. Nuestros clientes conf\u00edan en nuestra puntualidad, tecnolog\u00eda y compromiso en cada env\u00edo.\" \/>\n<meta property=\"og:url\" content=\"https:\/\/ltlobos.com\/index.php\/contacto\/\" \/>\n<meta property=\"og:site_name\" content=\"ltlobos\" \/>\n<meta property=\"article:modified_time\" content=\"2026-03-03T03:56:46+00:00\" \/>\n<meta property=\"og:image\" content=\"https:\/\/ltlobos.com\/wp-content\/uploads\/2026\/03\/Captura.png\" \/>\n\t<meta property=\"og:image:width\" content=\"658\" \/>\n\t<meta property=\"og:image:height\" content=\"486\" \/>\n\t<meta property=\"og:image:type\" content=\"image\/png\" \/>\n<meta name=\"twitter:card\" content=\"summary_large_image\" \/>\n<script type=\"application\/ld+json\" class=\"yoast-schema-graph\">{\"@context\":\"https:\/\/schema.org\",\"@graph\":[{\"@type\":\"WebPage\",\"@id\":\"https:\/\/ltlobos.com\/index.php\/contacto\/\",\"url\":\"https:\/\/ltlobos.com\/index.php\/contacto\/\",\"name\":\"Contacto - ltlobos\",\"isPartOf\":{\"@id\":\"https:\/\/ltlobos.com\/#website\"},\"primaryImageOfPage\":{\"@id\":\"https:\/\/ltlobos.com\/index.php\/contacto\/#primaryimage\"},\"image\":{\"@id\":\"https:\/\/ltlobos.com\/index.php\/contacto\/#primaryimage\"},\"thumbnailUrl\":\"https:\/\/ltlobos.com\/wp-content\/uploads\/2026\/03\/Captura-473x367.png\",\"datePublished\":\"2021-03-23T05:54:29+00:00\",\"dateModified\":\"2026-03-03T03:56:46+00:00\",\"breadcrumb\":{\"@id\":\"https:\/\/ltlobos.com\/index.php\/contacto\/#breadcrumb\"},\"inLanguage\":\"es\",\"potentialAction\":[{\"@type\":\"ReadAction\",\"target\":[\"https:\/\/ltlobos.com\/index.php\/contacto\/\"]}]},{\"@type\":\"ImageObject\",\"inLanguage\":\"es\",\"@id\":\"https:\/\/ltlobos.com\/index.php\/contacto\/#primaryimage\",\"url\":\"https:\/\/ltlobos.com\/wp-content\/uploads\/2026\/03\/Captura.png\",\"contentUrl\":\"https:\/\/ltlobos.com\/wp-content\/uploads\/2026\/03\/Captura.png\",\"width\":658,\"height\":486},{\"@type\":\"BreadcrumbList\",\"@id\":\"https:\/\/ltlobos.com\/index.php\/contacto\/#breadcrumb\",\"itemListElement\":[{\"@type\":\"ListItem\",\"position\":1,\"name\":\"Inicio\",\"item\":\"https:\/\/ltlobos.com\/\"},{\"@type\":\"ListItem\",\"position\":2,\"name\":\"Contacto\"}]},{\"@type\":\"WebSite\",\"@id\":\"https:\/\/ltlobos.com\/#website\",\"url\":\"https:\/\/ltlobos.com\/\",\"name\":\"ltlobos\",\"description\":\"\",\"publisher\":{\"@id\":\"https:\/\/ltlobos.com\/#organization\"},\"potentialAction\":[{\"@type\":\"SearchAction\",\"target\":{\"@type\":\"EntryPoint\",\"urlTemplate\":\"https:\/\/ltlobos.com\/?s={search_term_string}\"},\"query-input\":{\"@type\":\"PropertyValueSpecification\",\"valueRequired\":true,\"valueName\":\"search_term_string\"}}],\"inLanguage\":\"es\"},{\"@type\":\"Organization\",\"@id\":\"https:\/\/ltlobos.com\/#organization\",\"name\":\"ltlobos\",\"url\":\"https:\/\/ltlobos.com\/\",\"logo\":{\"@type\":\"ImageObject\",\"inLanguage\":\"es\",\"@id\":\"https:\/\/ltlobos.com\/#\/schema\/logo\/image\/\",\"url\":\"https:\/\/ltlobos.com\/wp-content\/uploads\/2026\/02\/Logotipo-1-PNG-1.png\",\"contentUrl\":\"https:\/\/ltlobos.com\/wp-content\/uploads\/2026\/02\/Logotipo-1-PNG-1.png\",\"width\":1024,\"height\":1024,\"caption\":\"ltlobos\"},\"image\":{\"@id\":\"https:\/\/ltlobos.com\/#\/schema\/logo\/image\/\"}}]}<\/script>\n<!-- \/ Yoast SEO plugin. -->","yoast_head_json":{"title":"Contacto - ltlobos","robots":{"index":"index","follow":"follow","max-snippet":"max-snippet:-1","max-image-preview":"max-image-preview:large","max-video-preview":"max-video-preview:-1"},"canonical":"https:\/\/ltlobos.com\/index.php\/contacto\/","og_locale":"es_MX","og_type":"article","og_title":"Contacto - ltlobos","og_description":"Lo que nuestro Clientes dicen En Lobos Log\u00edstica brindamos soluciones de transporte seguras, eficientes y con monitoreo en tiempo real. Nuestros clientes conf\u00edan en nuestra puntualidad, tecnolog\u00eda y compromiso en cada env\u00edo.","og_url":"https:\/\/ltlobos.com\/index.php\/contacto\/","og_site_name":"ltlobos","article_modified_time":"2026-03-03T03:56:46+00:00","og_image":[{"width":658,"height":486,"url":"https:\/\/ltlobos.com\/wp-content\/uploads\/2026\/03\/Captura.png","type":"image\/png"}],"twitter_card":"summary_large_image","schema":{"@context":"https:\/\/schema.org","@graph":[{"@type":"WebPage","@id":"https:\/\/ltlobos.com\/index.php\/contacto\/","url":"https:\/\/ltlobos.com\/index.php\/contacto\/","name":"Contacto - ltlobos","isPartOf":{"@id":"https:\/\/ltlobos.com\/#website"},"primaryImageOfPage":{"@id":"https:\/\/ltlobos.com\/index.php\/contacto\/#primaryimage"},"image":{"@id":"https:\/\/ltlobos.com\/index.php\/contacto\/#primaryimage"},"thumbnailUrl":"https:\/\/ltlobos.com\/wp-content\/uploads\/2026\/03\/Captura-473x367.png","datePublished":"2021-03-23T05:54:29+00:00","dateModified":"2026-03-03T03:56:46+00:00","breadcrumb":{"@id":"https:\/\/ltlobos.com\/index.php\/contacto\/#breadcrumb"},"inLanguage":"es","potentialAction":[{"@type":"ReadAction","target":["https:\/\/ltlobos.com\/index.php\/contacto\/"]}]},{"@type":"ImageObject","inLanguage":"es","@id":"https:\/\/ltlobos.com\/index.php\/contacto\/#primaryimage","url":"https:\/\/ltlobos.com\/wp-content\/uploads\/2026\/03\/Captura.png","contentUrl":"https:\/\/ltlobos.com\/wp-content\/uploads\/2026\/03\/Captura.png","width":658,"height":486},{"@type":"BreadcrumbList","@id":"https:\/\/ltlobos.com\/index.php\/contacto\/#breadcrumb","itemListElement":[{"@type":"ListItem","position":1,"name":"Inicio","item":"https:\/\/ltlobos.com\/"},{"@type":"ListItem","position":2,"name":"Contacto"}]},{"@type":"WebSite","@id":"https:\/\/ltlobos.com\/#website","url":"https:\/\/ltlobos.com\/","name":"ltlobos","description":"","publisher":{"@id":"https:\/\/ltlobos.com\/#organization"},"potentialAction":[{"@type":"SearchAction","target":{"@type":"EntryPoint","urlTemplate":"https:\/\/ltlobos.com\/?s={search_term_string}"},"query-input":{"@type":"PropertyValueSpecification","valueRequired":true,"valueName":"search_term_string"}}],"inLanguage":"es"},{"@type":"Organization","@id":"https:\/\/ltlobos.com\/#organization","name":"ltlobos","url":"https:\/\/ltlobos.com\/","logo":{"@type":"ImageObject","inLanguage":"es","@id":"https:\/\/ltlobos.com\/#\/schema\/logo\/image\/","url":"https:\/\/ltlobos.com\/wp-content\/uploads\/2026\/02\/Logotipo-1-PNG-1.png","contentUrl":"https:\/\/ltlobos.com\/wp-content\/uploads\/2026\/02\/Logotipo-1-PNG-1.png","width":1024,"height":1024,"caption":"ltlobos"},"image":{"@id":"https:\/\/ltlobos.com\/#\/schema\/logo\/image\/"}}]}},"builder_content":"<h3>Lo que nuestro Clientes dicen<\/h3> <p>En Lobos Log\u00edstica brindamos soluciones de transporte seguras, eficientes y con monitoreo en tiempo real. Nuestros clientes conf\u00edan en nuestra puntualidad, tecnolog\u00eda y compromiso en cada env\u00edo.<\/p>\n\n<h3>Horario de Operaciones<\/h3>\n<p>Lun - Vier\u00a0 \u00a0 \u00a0 \u00a0 \u00a0 \u00a0 \u00a0 9:00 - 20:00<\/p> <p>Sabado\u00a0 \u00a0 \u00a0 \u00a0 \u00a0 \u00a0 \u00a0 \u00a0 \u00a0 9:00 - 17:00<\/p> <p>Domingo\u00a0 \u00a0 \u00a0 \u00a0 \u00a0 \u00a0 \u00a0 \u00a09:00 - 18:00<\/p> <p><strong style=\"font-size: 1em;\" data-start=\"1188\" data-end=\"1253\">Operamos 24\/7 para garantizar la continuidad de tu log\u00edstica.<\/strong><\/p>\n<img src=\"https:\/\/ltlobos.com\/wp-content\/uploads\/2026\/03\/Captura-473x367.png\" width=\"473\" height=\"367\" title=\"Captura\" alt=\"Captura\">\n<h3>SOLICITA COTIZACI\u00d3N<\/h3>\n<em style=\"color:#ffffff\"><svg aria-hidden=\"true\"><use href=\"#tf-ti-comments\"><\/use><\/svg><\/em> \n <h3> Email <\/h3> <p>ventas@ltlobos.com<\/p>\n<em style=\"color:#ffffff\"><svg aria-hidden=\"true\"><use href=\"#tf-ti-headphone-alt\"><\/use><\/svg><\/em> \n <h3> CELULAR <\/h3> <p>(52) 81-16-04-08-03<\/p>\n<em style=\"color:#ffffff\"><svg aria-hidden=\"true\"><use href=\"#tf-ti-direction-alt\"><\/use><\/svg><\/em> \n <h3> UBICACI\u00d3N <\/h3> <p>Apodaca Nuevo Le\u00f3n\u00a0<\/p>","_links":{"self":[{"href":"https:\/\/ltlobos.com\/index.php\/wp-json\/wp\/v2\/pages\/17","targetHints":{"allow":["GET"]}}],"collection":[{"href":"https:\/\/ltlobos.com\/index.php\/wp-json\/wp\/v2\/pages"}],"about":[{"href":"https:\/\/ltlobos.com\/index.php\/wp-json\/wp\/v2\/types\/page"}],"author":[{"embeddable":true,"href":"https:\/\/ltlobos.com\/index.php\/wp-json\/wp\/v2\/users\/1"}],"replies":[{"embeddable":true,"href":"https:\/\/ltlobos.com\/index.php\/wp-json\/wp\/v2\/comments?post=17"}],"version-history":[{"count":9,"href":"https:\/\/ltlobos.com\/index.php\/wp-json\/wp\/v2\/pages\/17\/revisions"}],"predecessor-version":[{"id":403,"href":"https:\/\/ltlobos.com\/index.php\/wp-json\/wp\/v2\/pages\/17\/revisions\/403"}],"wp:attachment":[{"href":"https:\/\/ltlobos.com\/index.php\/wp-json\/wp\/v2\/media?parent=17"}],"curies":[{"name":"wp","href":"https:\/\/api.w.org\/{rel}","templated":true}]}}